{"id":5,"date":"2021-02-02T12:21:19","date_gmt":"2021-02-02T11:21:19","guid":{"rendered":"https:\/\/kiteverein.de\/wingfoil-kiteschule\/?page_id=5"},"modified":"2021-02-10T10:56:08","modified_gmt":"2021-02-10T09:56:08","slug":"startseite","status":"publish","type":"page","link":"https:\/\/kiteverein.de\/wingfoil-kiteschule\/","title":{"rendered":"Startseite"},"content":{"rendered":"\t\t<div data-elementor-type=\"wp-page\" data-elementor-id=\"5\" class=\"elementor elementor-5\" data-elementor-post-type=\"page\">\n\t\t\t\t\t\t<section class=\"elementor-section elementor-top-section elementor-element elementor-element-4cd4f94 elementor-section-full_width elementor-section-height-min-height elementor-section-height-default elementor-section-items-middle\" data-id=\"4cd4f94\" data-element_type=\"section\" data-settings=\"{&quot;background_background&quot;:&quot;classic&quot;,&quot;shape_divider_bottom&quot;:&quot;kiteverein_wave&quot;,&quot;shape_divider_bottom_negative&quot;:&quot;yes&quot;}\">\n\t\t\t\t\t<div class=\"elementor-shape elementor-shape-bottom\" data-negative=\"true\">\n\t\t\t<svg xmlns=\"http:\/\/www.w3.org\/2000\/svg\" viewBox=\"0 0 1000 144\" preserveAspectRatio=\"none\">\r\n\t<path class=\"elementor-shape-fill\" d=\"M1000.6,0.5v25.2c0,0-72.7,111.9-147.2,111.9c-92.8,0-125.8-116.3-201.1-116.3c-57.1,0-168.8,64.1-248.9,64.1\r\n\t\tc-75,0-115.4-79.9-166.3-79.9C166.7,5.6,200.5,91,0.5,91v53h1000.6V0.5H1000.6z\"\/>\r\n<\/svg>\r\n\t\t<\/div>\n\t\t\t\t\t<div class=\"elementor-container elementor-column-gap-default\">\n\t\t\t\t\t<div class=\"elementor-column elementor-col-100 elementor-top-column elementor-element elementor-element-afdedae\" data-id=\"afdedae\" data-element_type=\"column\">\n\t\t\t<div class=\"elementor-widget-wrap\">\n\t\t\t\t\t\t\t<\/div>\n\t\t<\/div>\n\t\t\t\t\t<\/div>\n\t\t<\/section>\n\t\t\t\t<section class=\"elementor-section elementor-top-section elementor-element elementor-element-8bdbf3f elementor-section-content-top elementor-section-boxed elementor-section-height-default elementor-section-height-default\" data-id=\"8bdbf3f\" data-element_type=\"section\">\n\t\t\t\t\t\t<div class=\"elementor-container elementor-column-gap-wider\">\n\t\t\t\t\t<div class=\"elementor-column elementor-col-100 elementor-top-column elementor-element elementor-element-23ecf09\" data-id=\"23ecf09\" data-element_type=\"column\">\n\t\t\t<div class=\"elementor-widget-wrap elementor-element-populated\">\n\t\t\t\t\t\t<div class=\"elementor-element elementor-element-2c9d9d0 elementor-widget elementor-widget-heading\" data-id=\"2c9d9d0\" data-element_type=\"widget\" data-widget_type=\"heading.default\">\n\t\t\t\t<div class=\"elementor-widget-container\">\n\t\t\t\t\t<h1 class=\"elementor-heading-title elementor-size-default\">The new hype: Wing - Foilen<\/h1>\t\t\t\t<\/div>\n\t\t\t\t<\/div>\n\t\t\t\t<div class=\"elementor-element elementor-element-126e7c3 elementor-widget elementor-widget-text-editor\" data-id=\"126e7c3\" data-element_type=\"widget\" data-widget_type=\"text-editor.default\">\n\t\t\t\t<div class=\"elementor-widget-container\">\n\t\t\t\t\t\t\t\t\t<p>Probier auch du in einem Kurs an unserer Kiteschule den neuen Hype im Wassersport: Wing Foilen \u2013 eine Kombination aus Windsurfen, Surfen und Kitesurfen. Beim Wing Foilen h\u00e4lst du einen Fl\u00fcgel in der Hand, der mit Hilfe des Windes f\u00fcr Auftrieb und Vortrieb sorgt. Du stehst dabei auf einem Surfboard, unter dem wiederum ein Fl\u00fcgel montiert ist. Das Hydrofoil l\u00e4sst dich ab einer bestimmten Geschwindigkeit aus dem Wasser steigen, ein Gef\u00fchl, als ob du \u00fcber dem Wasser schwebst.<\/p><p>Die Vorteile des Wing Foilen liegen klar auf der Hand. Nach gut einer guten Minute Aufbauzeit bist du bereits abfahrbereit. Schon bei sehr leichtem Wind kannst du so enorm viel Spa\u00df haben und mit einem Wing einen relativ gro\u00dfen Windbereich abdecken. Hinzu kommen der geringe Materialaufwand und ein super Workout f\u00fcr deinen gesamten K\u00f6rper. Nimm den Fl\u00fcgel in die Hand und lass dich vom Wing-Foilen anstecken!<\/p>\t\t\t\t\t\t\t\t<\/div>\n\t\t\t\t<\/div>\n\t\t\t\t\t<\/div>\n\t\t<\/div>\n\t\t\t\t\t<\/div>\n\t\t<\/section>\n\t\t\t\t<section class=\"elementor-section elementor-top-section elementor-element elementor-element-83f013e elementor-section-content-top elementor-section-boxed elementor-section-height-default elementor-section-height-default\" data-id=\"83f013e\" data-element_type=\"section\">\n\t\t\t\t\t\t<div class=\"elementor-container elementor-column-gap-wider\">\n\t\t\t\t\t<div class=\"elementor-column elementor-col-50 elementor-top-column elementor-element elementor-element-2837e26\" data-id=\"2837e26\" data-element_type=\"column\">\n\t\t\t<div class=\"elementor-widget-wrap elementor-element-populated\">\n\t\t\t\t\t\t<div class=\"elementor-element elementor-element-906c267 elementor-widget elementor-widget-heading\" data-id=\"906c267\" data-element_type=\"widget\" data-widget_type=\"heading.default\">\n\t\t\t\t<div class=\"elementor-widget-container\">\n\t\t\t\t\t<h3 class=\"elementor-heading-title elementor-size-default\">W\u00e4hle jetzt Deinen Kurs!<\/h3>\t\t\t\t<\/div>\n\t\t\t\t<\/div>\n\t\t\t\t<div class=\"elementor-element elementor-element-8810e86 elementor-widget elementor-widget-text-editor\" data-id=\"8810e86\" data-element_type=\"widget\" data-widget_type=\"text-editor.default\">\n\t\t\t\t<div class=\"elementor-widget-container\">\n\t\t\t\t\t\t\t\t\t<p>Ob Einsteiger oder Fortgeschrittener, bei uns findest du deinen passenden Kurs um dem neuen Hype Wing Foilen auszuprobieren. W\u00e4hle jetzt deinen Kurs und starte deinen neuen Hype!<\/p>\t\t\t\t\t\t\t\t<\/div>\n\t\t\t\t<\/div>\n\t\t\t\t\t<\/div>\n\t\t<\/div>\n\t\t\t\t<div class=\"elementor-column elementor-col-50 elementor-top-column elementor-element elementor-element-dc21ef8\" data-id=\"dc21ef8\" data-element_type=\"column\">\n\t\t\t<div class=\"elementor-widget-wrap elementor-element-populated\">\n\t\t\t\t\t\t<div class=\"elementor-element elementor-element-47403c2 elementor-widget-mobile__width-auto elementor-widget elementor-widget-image\" data-id=\"47403c2\" data-element_type=\"widget\" data-widget_type=\"image.default\">\n\t\t\t\t<div class=\"elementor-widget-container\">\n\t\t\t\t\t<div class=\"image\"><a href=\"https:\/\/www.vdws.de\/\" target=\"_blank\" rel=\"nofollow noopener\"><img decoding=\"async\" src=\"https:\/\/kiteverein.de\/wingfoil-kiteschule\/wp-content\/uploads\/sites\/8\/2021\/02\/logo_vdws.svg\" alt=\"Logo VDWS\" title=\"Logo VDWS\"><\/a><\/div>\t\t\t\t<\/div>\n\t\t\t\t<\/div>\n\t\t\t\t\t<\/div>\n\t\t<\/div>\n\t\t\t\t\t<\/div>\n\t\t<\/section>\n\t\t\t\t<section class=\"elementor-section elementor-top-section elementor-element elementor-element-081e81c elementor-section-content-top elementor-section-boxed elementor-section-height-default elementor-section-height-default\" data-id=\"081e81c\" data-element_type=\"section\">\n\t\t\t\t\t\t<div class=\"elementor-container elementor-column-gap-wider\">\n\t\t\t\t\t<div class=\"elementor-column elementor-col-25 elementor-top-column elementor-element elementor-element-4728c9f\" data-id=\"4728c9f\" data-element_type=\"column\">\n\t\t\t<div class=\"elementor-widget-wrap elementor-element-populated\">\n\t\t\t\t\t\t<div class=\"elementor-element elementor-element-da77a12 elementor-widget elementor-widget-course-plate\" data-id=\"da77a12\" data-element_type=\"widget\" id=\"schnupperkurs\" data-widget_type=\"course-plate.default\">\n\t\t\t\t<div class=\"elementor-widget-container\">\n\t\t\t\t\t<div class=\"course-plate-container\"><a href=\"https:\/\/kiteverein.de\/wingfoil-kiteschule\/buche-deinen-wing-foil-schnupperkurs\/\" target=\"_self\" rel=\"nofollow\"><div class=\"plate-background\" style=\"flex-direction:column-reverse; background: url(https:\/\/kiteverein.de\/kiteschule\/wp-content\/uploads\/sites\/2\/2021\/01\/course_board_price.svg) center center no-repeat; background-size:contain;\"><div class=\"course-plate-price\"><h3>129,00 &#8364;<\/h3><\/div><div class=\"course-plate-requirements\"><h2 class=\"course-plate-title\">Schnupperkurs<\/h2><\/div><div class=\"plate-image\" style=\"\n              -webkit-mask: url(https:\/\/kiteverein.de\/kiteschule\/wp-content\/uploads\/sites\/2\/2021\/01\/course_board_price_mask.svg);\n              -webkit-mask-repeat: no-repeat;\n              -webkit-mask-position: center;\n              mask: url(https:\/\/kiteverein.de\/kiteschule\/wp-content\/uploads\/sites\/2\/2021\/01\/course_board_price_mask.svg);\n              mask-repeat: no-repeat;\n              mask-position: center;\"><img decoding=\"async\" src=\"https:\/\/kiteverein.de\/wingfoil-kiteschule\/wp-content\/uploads\/sites\/8\/2021\/02\/SWING-5-700x350.png\" alt=\"Wing Foil Schnupperkurs\" title=\"Wing Foil Schnupperkurs\"><\/div><\/div><\/a><\/div>\t\t\t\t<\/div>\n\t\t\t\t<\/div>\n\t\t\t\t\t<\/div>\n\t\t<\/div>\n\t\t\t\t<div class=\"elementor-column elementor-col-25 elementor-top-column elementor-element elementor-element-dc49a68\" data-id=\"dc49a68\" data-element_type=\"column\">\n\t\t\t<div class=\"elementor-widget-wrap elementor-element-populated\">\n\t\t\t\t\t\t<div class=\"elementor-element elementor-element-174c1e2 elementor-widget elementor-widget-course-plate\" data-id=\"174c1e2\" data-element_type=\"widget\" id=\"privatkurs\" data-widget_type=\"course-plate.default\">\n\t\t\t\t<div class=\"elementor-widget-container\">\n\t\t\t\t\t<div class=\"course-plate-container\"><a href=\"https:\/\/kiteverein.de\/wingfoil-kiteschule\/buche-deinen-wing-foil-privatkurs\/\" target=\"_self\" rel=\"follow\"><div class=\"plate-background\" style=\"flex-direction:column-reverse; background: url(https:\/\/kiteverein.de\/kiteschule\/wp-content\/uploads\/sites\/2\/2021\/01\/course_board_price.svg) center center no-repeat; background-size:contain;\"><div class=\"course-plate-price\"><h3>199,00 &#8364;<\/h3><\/div><div class=\"course-plate-requirements\"><h2 class=\"course-plate-title\">Privatkurs<\/h2><\/div><div class=\"plate-image\" style=\"\n              -webkit-mask: url(https:\/\/kiteverein.de\/kiteschule\/wp-content\/uploads\/sites\/2\/2021\/01\/course_board_price_mask.svg);\n              -webkit-mask-repeat: no-repeat;\n              -webkit-mask-position: center;\n              mask: url(https:\/\/kiteverein.de\/kiteschule\/wp-content\/uploads\/sites\/2\/2021\/01\/course_board_price_mask.svg);\n              mask-repeat: no-repeat;\n              mask-position: center;\"><img decoding=\"async\" src=\"https:\/\/kiteverein.de\/wingfoil-kiteschule\/wp-content\/uploads\/sites\/8\/2021\/02\/SWING-1-700x350.png\" alt=\"Wing Foil Privatkurs\" title=\"Wing Foil Privatkurs\"><\/div><\/div><\/a><\/div>\t\t\t\t<\/div>\n\t\t\t\t<\/div>\n\t\t\t\t\t<\/div>\n\t\t<\/div>\n\t\t\t\t<div class=\"elementor-column elementor-col-25 elementor-top-column elementor-element elementor-element-760a0d7\" data-id=\"760a0d7\" data-element_type=\"column\">\n\t\t\t<div class=\"elementor-widget-wrap elementor-element-populated\">\n\t\t\t\t\t\t<div class=\"elementor-element elementor-element-f717d12 elementor-widget elementor-widget-course-plate\" data-id=\"f717d12\" data-element_type=\"widget\" id=\"basiskurs\" data-widget_type=\"course-plate.default\">\n\t\t\t\t<div class=\"elementor-widget-container\">\n\t\t\t\t\t<div class=\"course-plate-container\"><a href=\"https:\/\/kiteverein.de\/wingfoil-kiteschule\/buche-deinen-wing-foil-basiskurs\/\" target=\"_self\" rel=\"follow\"><div class=\"plate-background\" style=\"flex-direction:column-reverse; background: url(https:\/\/kiteverein.de\/kiteschule\/wp-content\/uploads\/sites\/2\/2021\/01\/course_board_price.svg) center center no-repeat; background-size:contain;\"><div class=\"course-plate-price\"><h3>299,00 &#8364;<\/h3><\/div><div class=\"course-plate-requirements\"><h2 class=\"course-plate-title\">Basiskurs<\/h2><\/div><div class=\"plate-image\" style=\"\n              -webkit-mask: url(https:\/\/kiteverein.de\/kiteschule\/wp-content\/uploads\/sites\/2\/2021\/01\/course_board_price_mask.svg);\n              -webkit-mask-repeat: no-repeat;\n              -webkit-mask-position: center;\n              mask: url(https:\/\/kiteverein.de\/kiteschule\/wp-content\/uploads\/sites\/2\/2021\/01\/course_board_price_mask.svg);\n              mask-repeat: no-repeat;\n              mask-position: center;\"><img decoding=\"async\" src=\"https:\/\/kiteverein.de\/wingfoil-kiteschule\/wp-content\/uploads\/sites\/8\/2021\/02\/SWING-2-700x350.png\" alt=\"Wing Foil\" title=\"Wing Foil\"><\/div><\/div><\/a><\/div>\t\t\t\t<\/div>\n\t\t\t\t<\/div>\n\t\t\t\t\t<\/div>\n\t\t<\/div>\n\t\t\t\t<div class=\"elementor-column elementor-col-25 elementor-top-column elementor-element elementor-element-1c643d3\" data-id=\"1c643d3\" data-element_type=\"column\">\n\t\t\t<div class=\"elementor-widget-wrap elementor-element-populated\">\n\t\t\t\t\t\t<div class=\"elementor-element elementor-element-76f6673 elementor-widget elementor-widget-course-plate\" data-id=\"76f6673\" data-element_type=\"widget\" id=\"premiumkurs\" data-widget_type=\"course-plate.default\">\n\t\t\t\t<div class=\"elementor-widget-container\">\n\t\t\t\t\t<div class=\"course-plate-container\"><a href=\"https:\/\/kiteverein.de\/wingfoil-kiteschule\/buche-deinen-wing-foil-premiumkurs\/\" target=\"_self\" rel=\"follow\"><div class=\"plate-background\" style=\"flex-direction:column-reverse; background: url(https:\/\/kiteverein.de\/kiteschule\/wp-content\/uploads\/sites\/2\/2021\/01\/course_board_price.svg) center center no-repeat; background-size:contain;\"><div class=\"course-plate-price\"><h3>0,00 &#8364;<\/h3><\/div><div class=\"course-plate-requirements\"><h2 class=\"course-plate-title\"><\/h2><\/div><div class=\"plate-image\" style=\"\n              -webkit-mask: url(https:\/\/kiteverein.de\/kiteschule\/wp-content\/uploads\/sites\/2\/2021\/01\/course_board_price_mask.svg);\n              -webkit-mask-repeat: no-repeat;\n              -webkit-mask-position: center;\n              mask: url(https:\/\/kiteverein.de\/kiteschule\/wp-content\/uploads\/sites\/2\/2021\/01\/course_board_price_mask.svg);\n              mask-repeat: no-repeat;\n              mask-position: center;\"><img decoding=\"async\" src=\"\" alt=\"\" title=\"Startseite\"><\/div><\/div><\/a><\/div>\t\t\t\t<\/div>\n\t\t\t\t<\/div>\n\t\t\t\t\t<\/div>\n\t\t<\/div>\n\t\t\t\t\t<\/div>\n\t\t<\/section>\n\t\t\t\t<section class=\"elementor-section elementor-top-section elementor-element elementor-element-550688f elementor-section-content-top elementor-section-full_width elementor-section-height-default elementor-section-height-default\" data-id=\"550688f\" data-element_type=\"section\" data-settings=\"{&quot;shape_divider_top&quot;:&quot;kiteverein_wave&quot;,&quot;shape_divider_top_negative&quot;:&quot;yes&quot;,&quot;shape_divider_bottom&quot;:&quot;kiteverein_wave&quot;,&quot;shape_divider_bottom_negative&quot;:&quot;yes&quot;,&quot;background_background&quot;:&quot;classic&quot;}\">\n\t\t\t\t\t<div class=\"elementor-shape elementor-shape-top\" data-negative=\"true\">\n\t\t\t<svg xmlns=\"http:\/\/www.w3.org\/2000\/svg\" viewBox=\"0 0 1000 144\" preserveAspectRatio=\"none\">\r\n\t<path class=\"elementor-shape-fill\" d=\"M1000.6,0.5v25.2c0,0-72.7,111.9-147.2,111.9c-92.8,0-125.8-116.3-201.1-116.3c-57.1,0-168.8,64.1-248.9,64.1\r\n\t\tc-75,0-115.4-79.9-166.3-79.9C166.7,5.6,200.5,91,0.5,91v53h1000.6V0.5H1000.6z\"\/>\r\n<\/svg>\r\n\t\t<\/div>\n\t\t\t\t<div class=\"elementor-shape elementor-shape-bottom\" data-negative=\"true\">\n\t\t\t<svg xmlns=\"http:\/\/www.w3.org\/2000\/svg\" viewBox=\"0 0 1000 144\" preserveAspectRatio=\"none\">\r\n\t<path class=\"elementor-shape-fill\" d=\"M1000.6,0.5v25.2c0,0-72.7,111.9-147.2,111.9c-92.8,0-125.8-116.3-201.1-116.3c-57.1,0-168.8,64.1-248.9,64.1\r\n\t\tc-75,0-115.4-79.9-166.3-79.9C166.7,5.6,200.5,91,0.5,91v53h1000.6V0.5H1000.6z\"\/>\r\n<\/svg>\r\n\t\t<\/div>\n\t\t\t\t\t<div class=\"elementor-container elementor-column-gap-wider\">\n\t\t\t\t\t<div class=\"elementor-column elementor-col-100 elementor-top-column elementor-element elementor-element-818b01b\" data-id=\"818b01b\" data-element_type=\"column\">\n\t\t\t<div class=\"elementor-widget-wrap elementor-element-populated\">\n\t\t\t\t\t\t<div class=\"elementor-element elementor-element-84b100a elementor-widget elementor-widget-heading\" data-id=\"84b100a\" data-element_type=\"widget\" data-widget_type=\"heading.default\">\n\t\t\t\t<div class=\"elementor-widget-container\">\n\t\t\t\t\t<h4 class=\"elementor-heading-title elementor-size-default\">Werde auch Du ein Kitesurfer!<\/h4>\t\t\t\t<\/div>\n\t\t\t\t<\/div>\n\t\t\t\t<div class=\"elementor-element elementor-element-50170ea elementor-widget elementor-widget-googlereview-slider\" data-id=\"50170ea\" data-element_type=\"widget\" data-widget_type=\"googlereview-slider.default\">\n\t\t\t\t<div class=\"elementor-widget-container\">\n\t\t\t\t\t<div class=\"googlereview-container\" data-setup={\"slider_name\":\"googlereview69ff2f39bc72d\",\"slider_items\":1,\"autoplay\":false,\"autoplay_speed\":null,\"nav\":true,\"effect_in\":null,\"effect_out\":null,\"dots\":false,\"iconPrev\":{\"value\":\"fas_fa-chevron-left\",\"library\":\"fa-solid\"},\"iconNext\":{\"value\":\"fas_fa-chevron-right\",\"library\":\"fa-solid\"}}><div class=\"googlereview owl-carousel googlereview69ff2f39bc72d\"><\/div>\t\t\t\t<\/div>\n\t\t\t\t<\/div>\n\t\t\t\t\t<\/div>\n\t\t<\/div>\n\t\t\t\t\t<\/div>\n\t\t<\/section>\n\t\t\t\t<section class=\"elementor-section elementor-top-section elementor-element elementor-element-8258121 elementor-section-content-top elementor-section-full_width elementor-section-height-default elementor-section-height-default\" data-id=\"8258121\" data-element_type=\"section\" data-settings=\"{&quot;background_background&quot;:&quot;classic&quot;,&quot;shape_divider_top&quot;:&quot;kiteverein_wave&quot;,&quot;shape_divider_top_negative&quot;:&quot;yes&quot;,&quot;shape_divider_bottom&quot;:&quot;kiteverein_wave&quot;,&quot;shape_divider_bottom_negative&quot;:&quot;yes&quot;}\">\n\t\t\t\t\t<div class=\"elementor-shape elementor-shape-top\" data-negative=\"true\">\n\t\t\t<svg xmlns=\"http:\/\/www.w3.org\/2000\/svg\" viewBox=\"0 0 1000 144\" preserveAspectRatio=\"none\">\r\n\t<path class=\"elementor-shape-fill\" d=\"M1000.6,0.5v25.2c0,0-72.7,111.9-147.2,111.9c-92.8,0-125.8-116.3-201.1-116.3c-57.1,0-168.8,64.1-248.9,64.1\r\n\t\tc-75,0-115.4-79.9-166.3-79.9C166.7,5.6,200.5,91,0.5,91v53h1000.6V0.5H1000.6z\"\/>\r\n<\/svg>\r\n\t\t<\/div>\n\t\t\t\t<div class=\"elementor-shape elementor-shape-bottom\" data-negative=\"true\">\n\t\t\t<svg xmlns=\"http:\/\/www.w3.org\/2000\/svg\" viewBox=\"0 0 1000 144\" preserveAspectRatio=\"none\">\r\n\t<path class=\"elementor-shape-fill\" d=\"M1000.6,0.5v25.2c0,0-72.7,111.9-147.2,111.9c-92.8,0-125.8-116.3-201.1-116.3c-57.1,0-168.8,64.1-248.9,64.1\r\n\t\tc-75,0-115.4-79.9-166.3-79.9C166.7,5.6,200.5,91,0.5,91v53h1000.6V0.5H1000.6z\"\/>\r\n<\/svg>\r\n\t\t<\/div>\n\t\t\t\t\t<div class=\"elementor-container elementor-column-gap-wider\">\n\t\t\t\t\t<div class=\"elementor-column elementor-col-100 elementor-top-column elementor-element elementor-element-ad6c507\" data-id=\"ad6c507\" data-element_type=\"column\">\n\t\t\t<div class=\"elementor-widget-wrap elementor-element-populated\">\n\t\t\t\t\t\t<div class=\"elementor-element elementor-element-9f6e0d6 elementor-hidden-phone elementor-widget elementor-widget-heading\" data-id=\"9f6e0d6\" data-element_type=\"widget\" data-widget_type=\"heading.default\">\n\t\t\t\t<div class=\"elementor-widget-container\">\n\t\t\t\t\t<h4 class=\"elementor-heading-title elementor-size-default\">Lerne von uns professionelles Kitesurfen und besuche unsere Schule<\/h4>\t\t\t\t<\/div>\n\t\t\t\t<\/div>\n\t\t\t\t<div class=\"elementor-element elementor-element-0062f06 elementor-hidden-desktop elementor-hidden-tablet elementor-widget elementor-widget-heading\" data-id=\"0062f06\" data-element_type=\"widget\" data-widget_type=\"heading.default\">\n\t\t\t\t<div class=\"elementor-widget-container\">\n\t\t\t\t\t<h4 class=\"elementor-heading-title elementor-size-default\">Lerne von uns professionelles Kitesurfen und besuche unsere Schule<\/h4>\t\t\t\t<\/div>\n\t\t\t\t<\/div>\n\t\t\t\t<div class=\"elementor-element elementor-element-e9f3a0e elementor-align-center elementor-mobile-align-center elementor-widget elementor-widget-button\" data-id=\"e9f3a0e\" data-element_type=\"widget\" data-widget_type=\"button.default\">\n\t\t\t\t<div class=\"elementor-widget-container\">\n\t\t\t\t\t\t\t\t\t<div class=\"elementor-button-wrapper\">\n\t\t\t\t\t<a class=\"elementor-button elementor-button-link elementor-size-xl\" href=\"https:\/\/kiteverein.de\/kiteschule\/\">\n\t\t\t\t\t\t<span class=\"elementor-button-content-wrapper\">\n\t\t\t\t\t\t\t\t\t<span class=\"elementor-button-text\">Bring mich zur Kiteschule<\/span>\n\t\t\t\t\t<\/span>\n\t\t\t\t\t<\/a>\n\t\t\t\t<\/div>\n\t\t\t\t\t\t\t\t<\/div>\n\t\t\t\t<\/div>\n\t\t\t\t\t<\/div>\n\t\t<\/div>\n\t\t\t\t\t<\/div>\n\t\t<\/section>\n\t\t\t\t<\/div>\n\t\t","protected":false},"excerpt":{"rendered":"<p>The new hype: Wing &#8211; Foilen Probier auch du in einem Kurs an unserer Kiteschule den neuen Hype im Wassersport: Wing Foilen \u2013 eine Kombination aus Windsurfen, Surfen und Kitesurfen. Beim Wing Foilen h\u00e4lst du einen Fl\u00fcgel in der Hand, der mit Hilfe des Windes f\u00fcr Auftrieb und Vortrieb sorgt. Du stehst dabei auf einem [&hellip;]<\/p>\n","protected":false},"author":1,"featured_media":0,"parent":0,"menu_order":0,"comment_status":"closed","ping_status":"closed","template":"","meta":{"footnotes":""},"class_list":["post-5","page","type-page","status-publish","hentry"],"_links":{"self":[{"href":"https:\/\/kiteverein.de\/wingfoil-kiteschule\/wp-json\/wp\/v2\/pages\/5","targetHints":{"allow":["GET"]}}],"collection":[{"href":"https:\/\/kiteverein.de\/wingfoil-kiteschule\/wp-json\/wp\/v2\/pages"}],"about":[{"href":"https:\/\/kiteverein.de\/wingfoil-kiteschule\/wp-json\/wp\/v2\/types\/page"}],"author":[{"embeddable":true,"href":"https:\/\/kiteverein.de\/wingfoil-kiteschule\/wp-json\/wp\/v2\/users\/1"}],"replies":[{"embeddable":true,"href":"https:\/\/kiteverein.de\/wingfoil-kiteschule\/wp-json\/wp\/v2\/comments?post=5"}],"version-history":[{"count":47,"href":"https:\/\/kiteverein.de\/wingfoil-kiteschule\/wp-json\/wp\/v2\/pages\/5\/revisions"}],"predecessor-version":[{"id":587,"href":"https:\/\/kiteverein.de\/wingfoil-kiteschule\/wp-json\/wp\/v2\/pages\/5\/revisions\/587"}],"wp:attachment":[{"href":"https:\/\/kiteverein.de\/wingfoil-kiteschule\/wp-json\/wp\/v2\/media?parent=5"}],"curies":[{"name":"wp","href":"https:\/\/api.w.org\/{rel}","templated":true}]}}