{"id":12,"date":"2020-11-11T13:00:23","date_gmt":"2020-11-11T12:00:23","guid":{"rendered":"https:\/\/kiteverein.de\/standup\/?page_id=12"},"modified":"2021-02-10T13:48:25","modified_gmt":"2021-02-10T12:48:25","slug":"startseite","status":"publish","type":"page","link":"https:\/\/kiteverein.de\/standup\/","title":{"rendered":"Startseite"},"content":{"rendered":"\t\t<div data-elementor-type=\"wp-page\" data-elementor-id=\"12\" class=\"elementor elementor-12\" data-elementor-post-type=\"page\">\n\t\t\t\t\t\t<section class=\"elementor-section elementor-top-section elementor-element elementor-element-922c91c elementor-section-height-min-height elementor-section-full_width elementor-section-height-default elementor-section-items-middle\" data-id=\"922c91c\" data-element_type=\"section\" data-settings=\"{&quot;background_background&quot;:&quot;classic&quot;,&quot;shape_divider_bottom&quot;:&quot;kiteverein_wave&quot;}\">\n\t\t\t\t\t<div class=\"elementor-shape elementor-shape-bottom\" data-negative=\"false\">\n\t\t\t<svg xmlns=\"http:\/\/www.w3.org\/2000\/svg\" viewBox=\"0 0 1000 144\" preserveAspectRatio=\"none\">\r\n<path class=\"elementor-shape-fill\" d=\"M237.1,5.6c50.9,0,91.3,79.9,166.3,79.9c80.1,0,191.8-64.1,248.9-64.1c75.3,0,108.3,116.3,201.1,116.3\r\n\tc74.5,0,147.2-111.9,147.2-111.9V0.5H0.5V91C200.5,91,166.7,5.6,237.1,5.6z\"\/>\r\n<\/svg>\r\n\t\t<\/div>\n\t\t\t\t\t<div class=\"elementor-container elementor-column-gap-default\">\n\t\t\t\t\t<div class=\"elementor-column elementor-col-100 elementor-top-column elementor-element elementor-element-131dbe4\" data-id=\"131dbe4\" data-element_type=\"column\">\n\t\t\t<div class=\"elementor-widget-wrap\">\n\t\t\t\t\t\t\t<\/div>\n\t\t<\/div>\n\t\t\t\t\t<\/div>\n\t\t<\/section>\n\t\t\t\t<section class=\"elementor-section elementor-top-section elementor-element elementor-element-38133a1 elementor-section-content-top elementor-section-boxed elementor-section-height-default elementor-section-height-default\" data-id=\"38133a1\" data-element_type=\"section\">\n\t\t\t\t\t\t<div class=\"elementor-container elementor-column-gap-wider\">\n\t\t\t\t\t<div class=\"elementor-column elementor-col-100 elementor-top-column elementor-element elementor-element-69753fa5\" data-id=\"69753fa5\" data-element_type=\"column\">\n\t\t\t<div class=\"elementor-widget-wrap elementor-element-populated\">\n\t\t\t\t\t\t<div class=\"elementor-element elementor-element-1926e412 elementor-widget elementor-widget-heading\" data-id=\"1926e412\" data-element_type=\"widget\" data-widget_type=\"heading.default\">\n\t\t\t\t<div class=\"elementor-widget-container\">\n\t\t\t\t\t<h1 class=\"elementor-heading-title elementor-size-default\">Werde eins mit der Natur und Dem Wasser Auf Deinem SUP<\/h1>\t\t\t\t<\/div>\n\t\t\t\t<\/div>\n\t\t\t\t<div class=\"elementor-element elementor-element-61efdbb8 elementor-widget elementor-widget-text-editor\" data-id=\"61efdbb8\" data-element_type=\"widget\" data-widget_type=\"text-editor.default\">\n\t\t\t\t<div class=\"elementor-widget-container\">\n\t\t\t\t\t\t\t\t\t<p>SUP Stand Up Paddling bietet dir ein Ganzk\u00f6rper Workout und unterst\u00fctzt so dein komplettes Fitnesstraining auf dem Wasser. Dabei gibt es aber nicht nur einen sportlichen Aspekt sondern auch die Verbundenheit zur Natur. Du kannst mit dem SUP Board fast alle Gew\u00e4sser befahren und dazu brauchst du nur ein Minimum an Ausr\u00fcstung. Auch wenn du noch nie auf einem SUP Board gestanden hast, kannst du in sehr kurzer Zeit das Stand Up Paddling erlernen und die Gew\u00e4sser auf eigene Faust befahren. Mit dieser ausgewogenen Sportart, findest du garantiert deine innere Ruhe, lernst die Liebe zur Natur und dem Wasser neu kennen. Perfekt f\u00fcr alle die Wassersport anders erleben m\u00f6chten.<\/p>\t\t\t\t\t\t\t\t<\/div>\n\t\t\t\t<\/div>\n\t\t\t\t\t<\/div>\n\t\t<\/div>\n\t\t\t\t\t<\/div>\n\t\t<\/section>\n\t\t\t\t<section class=\"elementor-section elementor-top-section elementor-element elementor-element-1c50f856 elementor-section-content-top elementor-section-boxed elementor-section-height-default elementor-section-height-default\" data-id=\"1c50f856\" data-element_type=\"section\">\n\t\t\t\t\t\t<div class=\"elementor-container elementor-column-gap-wider\">\n\t\t\t\t\t<div class=\"elementor-column elementor-col-50 elementor-top-column elementor-element elementor-element-3b5570bd\" data-id=\"3b5570bd\" data-element_type=\"column\">\n\t\t\t<div class=\"elementor-widget-wrap elementor-element-populated\">\n\t\t\t\t\t\t<div class=\"elementor-element elementor-element-222247f8 elementor-widget elementor-widget-heading\" data-id=\"222247f8\" data-element_type=\"widget\" data-widget_type=\"heading.default\">\n\t\t\t\t<div class=\"elementor-widget-container\">\n\t\t\t\t\t<h3 class=\"elementor-heading-title elementor-size-default\">Starte jetzt<\/h3>\t\t\t\t<\/div>\n\t\t\t\t<\/div>\n\t\t\t\t<div class=\"elementor-element elementor-element-3a6c7835 elementor-widget elementor-widget-text-editor\" data-id=\"3a6c7835\" data-element_type=\"widget\" data-widget_type=\"text-editor.default\">\n\t\t\t\t<div class=\"elementor-widget-container\">\n\t\t\t\t\t\t\t\t\t<p>Leih dir einfach eine SUP Ausr\u00fcstung stundenweise aus und erkunde auf eigene Faust den Bodden, bei ruhigem Wetter die Ostsee oder einfach auch die Barthe. Du bekommst nat\u00fcrlich von uns wie gewohnt eine kleine Einweisung in die Technik des SUP. Also starte jetzt und genie\u00dfe deine Zeit auf dem Wasser. Wir bieten verschiedene Gr\u00f6\u00dfen von SUP Boards an, sodass auch f\u00fcr dich die richtige Gr\u00f6\u00dfe dabei ist.<\/p>\t\t\t\t\t\t\t\t<\/div>\n\t\t\t\t<\/div>\n\t\t\t\t\t<\/div>\n\t\t<\/div>\n\t\t\t\t<div class=\"elementor-column elementor-col-50 elementor-top-column elementor-element elementor-element-19402380\" data-id=\"19402380\" data-element_type=\"column\">\n\t\t\t<div class=\"elementor-widget-wrap elementor-element-populated\">\n\t\t\t\t\t\t<div class=\"elementor-element elementor-element-6be04643 elementor-widget-mobile__width-auto elementor-widget elementor-widget-image\" data-id=\"6be04643\" data-element_type=\"widget\" data-widget_type=\"image.default\">\n\t\t\t\t<div class=\"elementor-widget-container\">\n\t\t\t\t\t<div class=\"image\"><a href=\"https:\/\/redpaddleco.com\/de\" target=\"_blank\" rel=\"follow noopener\"><img decoding=\"async\" src=\"https:\/\/kiteverein.de\/standup\/wp-content\/uploads\/sites\/4\/2021\/01\/logo_red_paddle.svg\" alt=\"Logo Red Paddle\" title=\"Logo Red Paddle\"><\/a><\/div>\t\t\t\t<\/div>\n\t\t\t\t<\/div>\n\t\t\t\t\t<\/div>\n\t\t<\/div>\n\t\t\t\t\t<\/div>\n\t\t<\/section>\n\t\t\t\t<section class=\"elementor-section elementor-top-section elementor-element elementor-element-205d4ba elementor-section-boxed elementor-section-height-default elementor-section-height-default\" data-id=\"205d4ba\" data-element_type=\"section\">\n\t\t\t\t\t\t<div class=\"elementor-container elementor-column-gap-default\">\n\t\t\t\t\t<div class=\"elementor-column elementor-col-33 elementor-top-column elementor-element elementor-element-a060ef2\" data-id=\"a060ef2\" data-element_type=\"column\">\n\t\t\t<div class=\"elementor-widget-wrap elementor-element-populated\">\n\t\t\t\t\t\t<div class=\"elementor-element elementor-element-6d6699e elementor-widget elementor-widget-course-plate\" data-id=\"6d6699e\" data-element_type=\"widget\" data-widget_type=\"course-plate.default\">\n\t\t\t\t<div class=\"elementor-widget-container\">\n\t\t\t\t\t<div class=\"course-plate-container\"><a href=\"https:\/\/kiteverein.de\/standup\/leih-dir-dein-sup-board-fur-1-stunde\/\" target=\"_self\" rel=\"follow\"><div class=\"plate-background\" style=\"flex-direction:column-reverse; background: url(https:\/\/kiteverein.de\/standup\/wp-content\/uploads\/sites\/4\/2021\/01\/sup_board_new_price_fat_cross.svg) center center no-repeat; background-size:contain;\"><div class=\"course-plate-price\"><h3>15,00 &#8364;<\/h3><\/div><div class=\"course-plate-requirements\"><h2 class=\"course-plate-title\">1 Stunde<\/h2><\/div><div class=\"plate-image\" style=\"\n              -webkit-mask: url(https:\/\/kiteverein.de\/standup\/wp-content\/uploads\/sites\/4\/2021\/01\/sup_board_new_price_fat_mask.svg);\n              -webkit-mask-repeat: no-repeat;\n              -webkit-mask-position: center;\n              mask: url(https:\/\/kiteverein.de\/standup\/wp-content\/uploads\/sites\/4\/2021\/01\/sup_board_new_price_fat_mask.svg);\n              mask-repeat: no-repeat;\n              mask-position: center;\"><img decoding=\"async\" src=\"https:\/\/kiteverein.de\/standup\/wp-content\/uploads\/sites\/4\/2020\/11\/sup-1838969-700x361.jpg\" alt=\"SUP\" title=\"SUP\"><\/div><\/div><\/a><\/div>\t\t\t\t<\/div>\n\t\t\t\t<\/div>\n\t\t\t\t\t<\/div>\n\t\t<\/div>\n\t\t\t\t<div class=\"elementor-column elementor-col-33 elementor-top-column elementor-element elementor-element-4211e98\" data-id=\"4211e98\" data-element_type=\"column\">\n\t\t\t<div class=\"elementor-widget-wrap elementor-element-populated\">\n\t\t\t\t\t\t<div class=\"elementor-element elementor-element-3351928 elementor-widget elementor-widget-course-plate\" data-id=\"3351928\" data-element_type=\"widget\" data-widget_type=\"course-plate.default\">\n\t\t\t\t<div class=\"elementor-widget-container\">\n\t\t\t\t\t<div class=\"course-plate-container\"><a href=\"https:\/\/kiteverein.de\/standup\/leih-dir-dein-sup-board-fuer-3-stunden\/\" target=\"_self\" rel=\"follow\"><div class=\"plate-background\" style=\"flex-direction:column-reverse; background: url(https:\/\/kiteverein.de\/standup\/wp-content\/uploads\/sites\/4\/2021\/01\/sup_board_new_price_fat_cross.svg) center center no-repeat; background-size:contain;\"><div class=\"course-plate-price\"><h3>25,00 &#8364;<\/h3><\/div><div class=\"course-plate-requirements\"><h2 class=\"course-plate-title\">3 Stunden<\/h2><\/div><div class=\"plate-image\" style=\"\n              -webkit-mask: url(https:\/\/kiteverein.de\/standup\/wp-content\/uploads\/sites\/4\/2021\/01\/sup_board_new_price_fat_mask.svg);\n              -webkit-mask-repeat: no-repeat;\n              -webkit-mask-position: center;\n              mask: url(https:\/\/kiteverein.de\/standup\/wp-content\/uploads\/sites\/4\/2021\/01\/sup_board_new_price_fat_mask.svg);\n              mask-repeat: no-repeat;\n              mask-position: center;\"><img decoding=\"async\" src=\"https:\/\/kiteverein.de\/standup\/wp-content\/uploads\/sites\/4\/2021\/01\/marco-lopez-z2jzpD0e9Lo-unsplash-700x467.jpg\" alt=\"SUP 3 Stunden\" title=\"SUP 3 Stunden\"><\/div><\/div><\/a><\/div>\t\t\t\t<\/div>\n\t\t\t\t<\/div>\n\t\t\t\t\t<\/div>\n\t\t<\/div>\n\t\t\t\t<div class=\"elementor-column elementor-col-33 elementor-top-column elementor-element elementor-element-e512a60\" data-id=\"e512a60\" data-element_type=\"column\">\n\t\t\t<div class=\"elementor-widget-wrap elementor-element-populated\">\n\t\t\t\t\t\t<div class=\"elementor-element elementor-element-f726e66 elementor-widget-mobile__width-initial elementor-widget elementor-widget-course-plate\" data-id=\"f726e66\" data-element_type=\"widget\" data-widget_type=\"course-plate.default\">\n\t\t\t\t<div class=\"elementor-widget-container\">\n\t\t\t\t\t<div class=\"course-plate-container\"><a href=\"https:\/\/kiteverein.de\/standup\/leih-dir-dein-sup-board-fuer-4-stunden\/\" target=\"_self\" rel=\"follow\"><div class=\"plate-background\" style=\"flex-direction:column-reverse; background: url(https:\/\/kiteverein.de\/standup\/wp-content\/uploads\/sites\/4\/2021\/01\/sup_board_new_price_fat_cross.svg) center center no-repeat; background-size:contain;\"><div class=\"course-plate-price\"><h3>40,00 &#8364;<\/h3><\/div><div class=\"course-plate-requirements\"><h2 class=\"course-plate-title\">4 Stunden<\/h2><\/div><div class=\"plate-image\" style=\"\n              -webkit-mask: url(https:\/\/kiteverein.de\/standup\/wp-content\/uploads\/sites\/4\/2021\/01\/sup_board_new_price_fat_mask.svg);\n              -webkit-mask-repeat: no-repeat;\n              -webkit-mask-position: center;\n              mask: url(https:\/\/kiteverein.de\/standup\/wp-content\/uploads\/sites\/4\/2021\/01\/sup_board_new_price_fat_mask.svg);\n              mask-repeat: no-repeat;\n              mask-position: center;\"><img decoding=\"async\" src=\"https:\/\/kiteverein.de\/standup\/wp-content\/uploads\/sites\/4\/2021\/01\/ben-white-pV5ckb2HEVk-unsplash-1-700x467.jpg\" alt=\"SUP 4 Stunden\" title=\"SUP 4 Stunden\"><\/div><\/div><\/a><\/div>\t\t\t\t<\/div>\n\t\t\t\t<\/div>\n\t\t\t\t\t<\/div>\n\t\t<\/div>\n\t\t\t\t\t<\/div>\n\t\t<\/section>\n\t\t\t\t<section class=\"elementor-section elementor-top-section elementor-element elementor-element-2a26316b elementor-section-content-top elementor-section-full_width elementor-section-height-default elementor-section-height-default\" data-id=\"2a26316b\" data-element_type=\"section\" data-settings=\"{&quot;background_background&quot;:&quot;classic&quot;,&quot;shape_divider_top&quot;:&quot;kiteverein_wave&quot;,&quot;shape_divider_top_negative&quot;:&quot;yes&quot;,&quot;shape_divider_bottom&quot;:&quot;kiteverein_wave&quot;,&quot;shape_divider_bottom_negative&quot;:&quot;yes&quot;}\">\n\t\t\t\t\t<div class=\"elementor-shape elementor-shape-top\" data-negative=\"true\">\n\t\t\t<svg xmlns=\"http:\/\/www.w3.org\/2000\/svg\" viewBox=\"0 0 1000 144\" preserveAspectRatio=\"none\">\r\n\t<path class=\"elementor-shape-fill\" d=\"M1000.6,0.5v25.2c0,0-72.7,111.9-147.2,111.9c-92.8,0-125.8-116.3-201.1-116.3c-57.1,0-168.8,64.1-248.9,64.1\r\n\t\tc-75,0-115.4-79.9-166.3-79.9C166.7,5.6,200.5,91,0.5,91v53h1000.6V0.5H1000.6z\"\/>\r\n<\/svg>\r\n\t\t<\/div>\n\t\t\t\t<div class=\"elementor-shape elementor-shape-bottom\" data-negative=\"true\">\n\t\t\t<svg xmlns=\"http:\/\/www.w3.org\/2000\/svg\" viewBox=\"0 0 1000 144\" preserveAspectRatio=\"none\">\r\n\t<path class=\"elementor-shape-fill\" d=\"M1000.6,0.5v25.2c0,0-72.7,111.9-147.2,111.9c-92.8,0-125.8-116.3-201.1-116.3c-57.1,0-168.8,64.1-248.9,64.1\r\n\t\tc-75,0-115.4-79.9-166.3-79.9C166.7,5.6,200.5,91,0.5,91v53h1000.6V0.5H1000.6z\"\/>\r\n<\/svg>\r\n\t\t<\/div>\n\t\t\t\t\t<div class=\"elementor-container elementor-column-gap-wider\">\n\t\t\t\t\t<div class=\"elementor-column elementor-col-100 elementor-top-column elementor-element elementor-element-44837d40\" data-id=\"44837d40\" data-element_type=\"column\">\n\t\t\t<div class=\"elementor-widget-wrap elementor-element-populated\">\n\t\t\t\t\t\t<div class=\"elementor-element elementor-element-406c5676 elementor-hidden-phone elementor-widget elementor-widget-heading\" data-id=\"406c5676\" data-element_type=\"widget\" data-widget_type=\"heading.default\">\n\t\t\t\t<div class=\"elementor-widget-container\">\n\t\t\t\t\t<h4 class=\"elementor-heading-title elementor-size-default\">Lerne von uns professionelles Kitesurfen und besuche unsere Schule<\/h4>\t\t\t\t<\/div>\n\t\t\t\t<\/div>\n\t\t\t\t<div class=\"elementor-element elementor-element-35126b44 elementor-hidden-desktop elementor-hidden-tablet elementor-widget elementor-widget-heading\" data-id=\"35126b44\" data-element_type=\"widget\" data-widget_type=\"heading.default\">\n\t\t\t\t<div class=\"elementor-widget-container\">\n\t\t\t\t\t<h4 class=\"elementor-heading-title elementor-size-default\">Lerne von uns professionelles Kitesurfen und besuche unsere Schule<\/h4>\t\t\t\t<\/div>\n\t\t\t\t<\/div>\n\t\t\t\t<div class=\"elementor-element elementor-element-e97c63f elementor-align-center elementor-mobile-align-center elementor-widget elementor-widget-button\" data-id=\"e97c63f\" data-element_type=\"widget\" data-widget_type=\"button.default\">\n\t\t\t\t<div class=\"elementor-widget-container\">\n\t\t\t\t\t\t\t\t\t<div class=\"elementor-button-wrapper\">\n\t\t\t\t\t<a class=\"elementor-button elementor-button-link elementor-size-xl\" href=\"https:\/\/kiteverein.de\/kiteschule\/\">\n\t\t\t\t\t\t<span class=\"elementor-button-content-wrapper\">\n\t\t\t\t\t\t\t\t\t<span class=\"elementor-button-text\">Bring mich zur Kiteschule<\/span>\n\t\t\t\t\t<\/span>\n\t\t\t\t\t<\/a>\n\t\t\t\t<\/div>\n\t\t\t\t\t\t\t\t<\/div>\n\t\t\t\t<\/div>\n\t\t\t\t\t<\/div>\n\t\t<\/div>\n\t\t\t\t\t<\/div>\n\t\t<\/section>\n\t\t\t\t<section class=\"elementor-section elementor-top-section elementor-element elementor-element-e8e3c81 elementor-section-content-top elementor-section-boxed elementor-section-height-default elementor-section-height-default\" data-id=\"e8e3c81\" data-element_type=\"section\">\n\t\t\t\t\t\t<div class=\"elementor-container elementor-column-gap-wider\">\n\t\t\t\t\t<div class=\"elementor-column elementor-col-50 elementor-top-column elementor-element elementor-element-074cc36\" data-id=\"074cc36\" data-element_type=\"column\">\n\t\t\t<div class=\"elementor-widget-wrap elementor-element-populated\">\n\t\t\t\t\t\t<div class=\"elementor-element elementor-element-f429823 elementor-widget elementor-widget-heading\" data-id=\"f429823\" data-element_type=\"widget\" data-widget_type=\"heading.default\">\n\t\t\t\t<div class=\"elementor-widget-container\">\n\t\t\t\t\t<h3 class=\"elementor-heading-title elementor-size-default\">Geh Doch einfach auf Tour<\/h3>\t\t\t\t<\/div>\n\t\t\t\t<\/div>\n\t\t\t\t<div class=\"elementor-element elementor-element-88120cf elementor-widget elementor-widget-text-editor\" data-id=\"88120cf\" data-element_type=\"widget\" data-widget_type=\"text-editor.default\">\n\t\t\t\t<div class=\"elementor-widget-container\">\n\t\t\t\t\t\t\t\t\t<p>Begleite uns auf einer SUP Paddle Tour auf dem Bodden, der Ostsee oder auch auf der Barthe. Erkunde mit uns ruhige Buchten, malerische Landschaften und Orte, die in keiner anderen Weise erreichbar sind. Damit du an einer Tour teilnehmen kannst, solltest du schon ein paar Grundkenntnisse im Stand Up Paddle mitbringen. Bei unseren Stand Up Paddle Touren stellen wir Dir das ben\u00f6tigte SUP Board und das Paddel zur Verf\u00fcgung. Bitte plane f\u00fcr eine Tour etwa 3 Stunden ein und erlebe die Faszination SUP in der Natur.<\/p>\t\t\t\t\t\t\t\t<\/div>\n\t\t\t\t<\/div>\n\t\t\t\t<div class=\"elementor-element elementor-element-cbde6b0 elementor-align-center elementor-mobile-align-center elementor-widget elementor-widget-button\" data-id=\"cbde6b0\" data-element_type=\"widget\" data-widget_type=\"button.default\">\n\t\t\t\t<div class=\"elementor-widget-container\">\n\t\t\t\t\t\t\t\t\t<div class=\"elementor-button-wrapper\">\n\t\t\t\t\t<a class=\"elementor-button elementor-button-link elementor-size-xl\" href=\"https:\/\/kiteverein.de\/standup\/buche-jetzt-deine-stand-up-paddle-tour\/\">\n\t\t\t\t\t\t<span class=\"elementor-button-content-wrapper\">\n\t\t\t\t\t\t\t\t\t<span class=\"elementor-button-text\">Buche jetzt Deine Tour<\/span>\n\t\t\t\t\t<\/span>\n\t\t\t\t\t<\/a>\n\t\t\t\t<\/div>\n\t\t\t\t\t\t\t\t<\/div>\n\t\t\t\t<\/div>\n\t\t\t\t\t<\/div>\n\t\t<\/div>\n\t\t\t\t<div class=\"elementor-column elementor-col-50 elementor-top-column elementor-element elementor-element-52e5845\" data-id=\"52e5845\" data-element_type=\"column\">\n\t\t\t<div class=\"elementor-widget-wrap elementor-element-populated\">\n\t\t\t\t\t\t<div class=\"elementor-element elementor-element-ba01a7f elementor-widget elementor-widget-course-plate\" data-id=\"ba01a7f\" data-element_type=\"widget\" data-widget_type=\"course-plate.default\">\n\t\t\t\t<div class=\"elementor-widget-container\">\n\t\t\t\t\t<div class=\"course-plate-container\"><a href=\"https:\/\/kiteverein.de\/standup\/buche-jetzt-deine-stand-up-paddle-tour\/\" target=\"_self\" rel=\"follow\"><div class=\"plate-background\" style=\"flex-direction:column-reverse; background: url(https:\/\/kiteverein.de\/standup\/wp-content\/uploads\/sites\/4\/2021\/01\/sup_board_new_price_fat_cross.svg) center center no-repeat; background-size:contain;\"><div class=\"course-plate-price\"><h3>49,00 &#8364;<\/h3><\/div><div class=\"course-plate-requirements\"><h2 class=\"course-plate-title\">SUP Tour<\/h2><\/div><div class=\"plate-image\" style=\"\n              -webkit-mask: url(https:\/\/kiteverein.de\/standup\/wp-content\/uploads\/sites\/4\/2021\/01\/sup_board_new_price_fat_mask.svg);\n              -webkit-mask-repeat: no-repeat;\n              -webkit-mask-position: center;\n              mask: url(https:\/\/kiteverein.de\/standup\/wp-content\/uploads\/sites\/4\/2021\/01\/sup_board_new_price_fat_mask.svg);\n              mask-repeat: no-repeat;\n              mask-position: center;\"><img decoding=\"async\" src=\"https:\/\/kiteverein.de\/standup\/wp-content\/uploads\/sites\/4\/2020\/11\/i-SUP-Tour-Ostsee-Fischland-Darss-Zingst-700x393.jpg\" alt=\"SUP Tour\" title=\"SUP Tour\"><\/div><\/div><\/a><\/div>\t\t\t\t<\/div>\n\t\t\t\t<\/div>\n\t\t\t\t\t<\/div>\n\t\t<\/div>\n\t\t\t\t\t<\/div>\n\t\t<\/section>\n\t\t\t\t<section class=\"elementor-section elementor-top-section elementor-element elementor-element-ffa44f9 elementor-section-content-top elementor-section-full_width elementor-section-height-default elementor-section-height-default\" data-id=\"ffa44f9\" data-element_type=\"section\" data-settings=\"{&quot;background_background&quot;:&quot;classic&quot;,&quot;shape_divider_top&quot;:&quot;kiteverein_wave&quot;,&quot;shape_divider_top_negative&quot;:&quot;yes&quot;,&quot;shape_divider_bottom&quot;:&quot;kiteverein_wave&quot;,&quot;shape_divider_bottom_negative&quot;:&quot;yes&quot;}\">\n\t\t\t\t\t<div class=\"elementor-shape elementor-shape-top\" data-negative=\"true\">\n\t\t\t<svg xmlns=\"http:\/\/www.w3.org\/2000\/svg\" viewBox=\"0 0 1000 144\" preserveAspectRatio=\"none\">\r\n\t<path class=\"elementor-shape-fill\" d=\"M1000.6,0.5v25.2c0,0-72.7,111.9-147.2,111.9c-92.8,0-125.8-116.3-201.1-116.3c-57.1,0-168.8,64.1-248.9,64.1\r\n\t\tc-75,0-115.4-79.9-166.3-79.9C166.7,5.6,200.5,91,0.5,91v53h1000.6V0.5H1000.6z\"\/>\r\n<\/svg>\r\n\t\t<\/div>\n\t\t\t\t<div class=\"elementor-shape elementor-shape-bottom\" data-negative=\"true\">\n\t\t\t<svg xmlns=\"http:\/\/www.w3.org\/2000\/svg\" viewBox=\"0 0 1000 144\" preserveAspectRatio=\"none\">\r\n\t<path class=\"elementor-shape-fill\" d=\"M1000.6,0.5v25.2c0,0-72.7,111.9-147.2,111.9c-92.8,0-125.8-116.3-201.1-116.3c-57.1,0-168.8,64.1-248.9,64.1\r\n\t\tc-75,0-115.4-79.9-166.3-79.9C166.7,5.6,200.5,91,0.5,91v53h1000.6V0.5H1000.6z\"\/>\r\n<\/svg>\r\n\t\t<\/div>\n\t\t\t\t\t<div class=\"elementor-container elementor-column-gap-wider\">\n\t\t\t\t\t<div class=\"elementor-column elementor-col-100 elementor-top-column elementor-element elementor-element-4359b4f\" data-id=\"4359b4f\" data-element_type=\"column\">\n\t\t\t<div class=\"elementor-widget-wrap elementor-element-populated\">\n\t\t\t\t\t\t<div class=\"elementor-element elementor-element-b758bc1 elementor-hidden-phone elementor-widget elementor-widget-heading\" data-id=\"b758bc1\" data-element_type=\"widget\" data-widget_type=\"heading.default\">\n\t\t\t\t<div class=\"elementor-widget-container\">\n\t\t\t\t\t<h4 class=\"elementor-heading-title elementor-size-default\">Fliege \u00fcbers wasser und Folge dem neuen Hype<\/h4>\t\t\t\t<\/div>\n\t\t\t\t<\/div>\n\t\t\t\t<div class=\"elementor-element elementor-element-01f7cbe elementor-hidden-desktop elementor-hidden-tablet elementor-widget elementor-widget-heading\" data-id=\"01f7cbe\" data-element_type=\"widget\" data-widget_type=\"heading.default\">\n\t\t\t\t<div class=\"elementor-widget-container\">\n\t\t\t\t\t<h4 class=\"elementor-heading-title elementor-size-default\">Fliege \u00fcbers wasser und <br>Folge dem neuen Hype<\/h4>\t\t\t\t<\/div>\n\t\t\t\t<\/div>\n\t\t\t\t<div class=\"elementor-element elementor-element-2d4d5f3 elementor-align-center elementor-mobile-align-center elementor-widget elementor-widget-button\" data-id=\"2d4d5f3\" data-element_type=\"widget\" data-widget_type=\"button.default\">\n\t\t\t\t<div class=\"elementor-widget-container\">\n\t\t\t\t\t\t\t\t\t<div class=\"elementor-button-wrapper\">\n\t\t\t\t\t<a class=\"elementor-button elementor-button-link elementor-size-xl\" href=\"https:\/\/kiteverein.de\/wingfoil-kiteschule\/\">\n\t\t\t\t\t\t<span class=\"elementor-button-content-wrapper\">\n\t\t\t\t\t\t\t\t\t<span class=\"elementor-button-text\">Bist Du bereit f\u00fcr den neuen Hype?<\/span>\n\t\t\t\t\t<\/span>\n\t\t\t\t\t<\/a>\n\t\t\t\t<\/div>\n\t\t\t\t\t\t\t\t<\/div>\n\t\t\t\t<\/div>\n\t\t\t\t\t<\/div>\n\t\t<\/div>\n\t\t\t\t\t<\/div>\n\t\t<\/section>\n\t\t\t\t<\/div>\n\t\t","protected":false},"excerpt":{"rendered":"<p>Werde eins mit der Natur und Dem Wasser Auf Deinem SUP SUP Stand Up Paddling bietet dir ein Ganzk\u00f6rper Workout und unterst\u00fctzt so dein komplettes Fitnesstraining auf dem Wasser. Dabei gibt es aber nicht nur einen sportlichen Aspekt sondern auch die Verbundenheit zur Natur. Du kannst mit dem SUP Board fast alle Gew\u00e4sser befahren und [&hellip;]<\/p>\n","protected":false},"author":1,"featured_media":0,"parent":0,"menu_order":0,"comment_status":"closed","ping_status":"closed","template":"","meta":{"footnotes":""},"class_list":["post-12","page","type-page","status-publish","hentry"],"_links":{"self":[{"href":"https:\/\/kiteverein.de\/standup\/wp-json\/wp\/v2\/pages\/12","targetHints":{"allow":["GET"]}}],"collection":[{"href":"https:\/\/kiteverein.de\/standup\/wp-json\/wp\/v2\/pages"}],"about":[{"href":"https:\/\/kiteverein.de\/standup\/wp-json\/wp\/v2\/types\/page"}],"author":[{"embeddable":true,"href":"https:\/\/kiteverein.de\/standup\/wp-json\/wp\/v2\/users\/1"}],"replies":[{"embeddable":true,"href":"https:\/\/kiteverein.de\/standup\/wp-json\/wp\/v2\/comments?post=12"}],"version-history":[{"count":81,"href":"https:\/\/kiteverein.de\/standup\/wp-json\/wp\/v2\/pages\/12\/revisions"}],"predecessor-version":[{"id":605,"href":"https:\/\/kiteverein.de\/standup\/wp-json\/wp\/v2\/pages\/12\/revisions\/605"}],"wp:attachment":[{"href":"https:\/\/kiteverein.de\/standup\/wp-json\/wp\/v2\/media?parent=12"}],"curies":[{"name":"wp","href":"https:\/\/api.w.org\/{rel}","templated":true}]}}